{"id":4640,"date":"2024-11-25T12:32:18","date_gmt":"2024-11-25T11:32:18","guid":{"rendered":"https:\/\/ontel.no\/?post_type=product&#038;p=4640"},"modified":"2026-04-09T08:13:08","modified_gmt":"2026-04-09T06:13:08","slug":"batteri-til-macbook","status":"publish","type":"product","link":"https:\/\/ontel.no\/index.php\/produkt\/batteri-til-macbook\/","title":{"rendered":"Batteri til MacBook"},"content":{"rendered":"<p>Modell: A1965 55WH, 11.4V. https:\/\/www.ifixit.com\/Guide\/MacBook+Air+13%E2%80%9D+Retina+Display+Late+2018+Battery+Replacement\/135301<\/p>\n<p>Modell A1377,A14505,A1496 60,8WH 7,6V. https:\/\/www.ifixit.com\/Guide\/MacBook+Air+13-Inch+Early+2017+Battery+Replacement\/135927<\/p>\n<p><div class=\"lazyload smush-lazyload-video smush-lazyload-youtube\" style=\"--smush-video-aspect-ratio: 1220\/686\" data-bg-image=\"url(https:\/\/ontel.no\/wp-admin\/admin-ajax.php?action=smush_video_thumbnail&#038;url=https%3A%2F%2Fwww.youtube.com%2Fembed%2FtToAwO6f-SY%3Ffeature%3Doembed&#038;video_width=1220&#038;video_height=686)\" ><iframe title=\"How To: Replace the battery in your MacBook Air 13&quot; (Late 2010-2017)\" width=\"1220\" height=\"686\" data-src=\"https:\/\/www.youtube.com\/embed\/tToAwO6f-SY?feature=oembed\" frameborder=\"0\" allow=\"accelerometer; autoplay; clipboard-write; encrypted-media; gyroscope; picture-in-picture; web-share\" referrerpolicy=\"strict-origin-when-cross-origin\" allowfullscreen src=\"data:image\/svg+xml;base64,PHN2ZyB3aWR0aD0iMSIgaGVpZ2h0PSIxIiB4bWxucz0iaHR0cDovL3d3dy53My5vcmcvMjAwMC9zdmciPjwvc3ZnPg==\"><\/iframe><span class=\"smush-play-btn\" role=\"button\" aria-label=\"Play video\">\r\n\t\t\t\t<span tabindex=\"0\" class=\"smush-play-btn-inner\">\r\n\t\t\t\t\t<span>Play<\/span>\r\n\t\t\t\t<\/span>\r\n\t\t\t<\/span><\/div><\/p>\n","protected":false},"excerpt":{"rendered":"<p>Finn bruksanvisninger p\u00e5 hvordan du skifter batteri p\u00e5 iFixit sin hjemmeside: <a href=\"https:\/\/www.ifixit.com\/Device\/Mac_Laptop\" target=\"_blank\" rel=\"noopener\">https:\/\/www.ifixit.com\/Device\/Mac_Laptop<\/a><\/p>\n<p>Batteriene produseres p\u00e5 samme fabrikk som de som selges av iFixit (vi selger de ikke med iFixit logo, men ellers er det de samme batteriene), og med beste kvalitet. Ren kobolt battteri-celler. N\u00f8dvendig verkt\u00f8y og lim-strips f\u00f8lger med.<\/p>\n","protected":false},"featured_media":5708,"comment_status":"open","ping_status":"closed","template":"","meta":[],"product_brand":[],"product_cat":[91,22,92,30,94,16],"product_tag":[],"woo-feed-brand":[185],"class_list":{"0":"post-4640","1":"product","2":"type-product","3":"status-publish","4":"has-post-thumbnail","6":"product_cat-laptops","7":"product_cat-computers","8":"product_cat-pcs","9":"product_cat-tv-audio","10":"product_cat-macbooks","11":"product_cat-ukategorisert","12":"woo-feed-brand-ontel-oem-diverse","14":"first","15":"instock","16":"taxable","17":"shipping-taxable","18":"purchasable","19":"product-type-variable"},"_links":{"self":[{"href":"https:\/\/ontel.no\/index.php\/wp-json\/wp\/v2\/product\/4640","targetHints":{"allow":["GET"]}}],"collection":[{"href":"https:\/\/ontel.no\/index.php\/wp-json\/wp\/v2\/product"}],"about":[{"href":"https:\/\/ontel.no\/index.php\/wp-json\/wp\/v2\/types\/product"}],"replies":[{"embeddable":true,"href":"https:\/\/ontel.no\/index.php\/wp-json\/wp\/v2\/comments?post=4640"}],"wp:featuredmedia":[{"embeddable":true,"href":"https:\/\/ontel.no\/index.php\/wp-json\/wp\/v2\/media\/5708"}],"wp:attachment":[{"href":"https:\/\/ontel.no\/index.php\/wp-json\/wp\/v2\/media?parent=4640"}],"wp:term":[{"taxonomy":"product_brand","embeddable":true,"href":"https:\/\/ontel.no\/index.php\/wp-json\/wp\/v2\/product_brand?post=4640"},{"taxonomy":"product_cat","embeddable":true,"href":"https:\/\/ontel.no\/index.php\/wp-json\/wp\/v2\/product_cat?post=4640"},{"taxonomy":"product_tag","embeddable":true,"href":"https:\/\/ontel.no\/index.php\/wp-json\/wp\/v2\/product_tag?post=4640"},{"taxonomy":"woo-feed-brand","embeddable":true,"href":"https:\/\/ontel.no\/index.php\/wp-json\/wp\/v2\/woo-feed-brand?post=4640"}],"curies":[{"name":"wp","href":"https:\/\/api.w.org\/{rel}","templated":true}]}}