{"id":4742,"date":"2024-12-14T23:50:22","date_gmt":"2024-12-14T22:50:22","guid":{"rendered":"https:\/\/ontel.no\/?post_type=product&#038;p=4742"},"modified":"2026-04-18T07:04:52","modified_gmt":"2026-04-18T05:04:52","slug":"amazon-kindle-7-tommer-2024","status":"publish","type":"product","link":"https:\/\/ontel.no\/index.php\/produkt\/amazon-kindle-7-tommer-2024\/","title":{"rendered":"Amazon Kindle 7-tommer"},"content":{"rendered":"<p>Les mer om <a href=\"https:\/\/www.amazon.co.uk\/dp\/B0CFPXBJ9Y?th=1\" target=\"_blank\" rel=\"noopener\">Amazon Kindle Paperwhite (klikk her) &#8211; NB! forskjellige varianter: 16GB og 32GB Signature<\/a> og <a href=\"https:\/\/www.amazon.co.uk\/dp\/B0CX8MQF7R?th=1\" target=\"_blank\" rel=\"noopener\">Kindle Colorsoft 7-tommer (klikk her) &#8211; NB! forskjellige varianter: 16GB og 32GB Signature<\/a> (Amazon sine nettsider).<\/p>\n","protected":false},"excerpt":{"rendered":"<p>Signature+Colorsoft er alltid uten reklame (finnes ikke forskjellige varianter av disse n\u00e5r det gjelder skjermsparing &#8211; men forskjellige funksjoner p\u00e5 16GB og 32GB Signature). Paperwhite er &laquo;12. generasjon&raquo;. Colorsoft er 1. generasjon. \u00c5rstallene i parentes er \u00e5rstallet denne modellen ble f\u00f8rst lansert (ikke produksjons\u00e5r &#8211; alle er nyeste modeller). Ta med et <a href=\"https:\/\/ontel.no\/index.php\/produktkategori\/tv-audio\/lydprodukter\/bluetooth\/\" target=\"_blank\" rel=\"noopener\">Bluetooth-produkt<\/a> for \u00e5 h\u00f8re p\u00e5 lydb\u00f8ker! USB-A til USB-C ladekabel er inkludert i esken. Hvis du trenger <a href=\"https:\/\/ontel.no\/index.php\/produktkategori\/smartphones\/phone-accessories\/usb-a-lader\/\" target=\"_blank\" rel=\"noopener\">USB-A lader<\/a> og annet tilbeh\u00f8r (beskyttelse anbefales) finner du det under (tilbeh\u00f8r). Det er viktig \u00e5 beskytte skjermen, spesielt dersom du skal ha den med deg eller oppbevare den l\u00f8st i n\u00e6rheten av andre ting som kan skade skjermen (garanti dekker ikke sprekk\/skade). Kj\u00f8p derfor med <a href=\"https:\/\/ontel.no\/index.php\/produktkategori\/tablets\/lesebrettbeskyttelse\/\" target=\"_blank\" rel=\"noopener\">omslag\/beskyttelse.<\/a>\u00a0Mer info\/linker om produktene lenger ned p\u00e5 siden.<\/p>\n","protected":false},"featured_media":12751,"comment_status":"open","ping_status":"closed","template":"","meta":[],"product_brand":[],"product_cat":[103,27,16],"product_tag":[139,451,136,137,135,138],"woo-feed-brand":[175],"class_list":{"0":"post-4742","1":"product","2":"type-product","3":"status-publish","4":"has-post-thumbnail","6":"product_cat-e-readers","7":"product_cat-tablets","8":"product_cat-ukategorisert","9":"product_tag-amazon","10":"product_tag-colorsoft","11":"product_tag-e-bokleser","12":"product_tag-kindle","13":"product_tag-lesebrett","14":"product_tag-paperwhite","15":"woo-feed-brand-amazon","17":"first","18":"instock","19":"featured","20":"taxable","21":"shipping-taxable","22":"purchasable","23":"product-type-variable","24":"has-default-attributes"},"_links":{"self":[{"href":"https:\/\/ontel.no\/index.php\/wp-json\/wp\/v2\/product\/4742","targetHints":{"allow":["GET"]}}],"collection":[{"href":"https:\/\/ontel.no\/index.php\/wp-json\/wp\/v2\/product"}],"about":[{"href":"https:\/\/ontel.no\/index.php\/wp-json\/wp\/v2\/types\/product"}],"replies":[{"embeddable":true,"href":"https:\/\/ontel.no\/index.php\/wp-json\/wp\/v2\/comments?post=4742"}],"wp:featuredmedia":[{"embeddable":true,"href":"https:\/\/ontel.no\/index.php\/wp-json\/wp\/v2\/media\/12751"}],"wp:attachment":[{"href":"https:\/\/ontel.no\/index.php\/wp-json\/wp\/v2\/media?parent=4742"}],"wp:term":[{"taxonomy":"product_brand","embeddable":true,"href":"https:\/\/ontel.no\/index.php\/wp-json\/wp\/v2\/product_brand?post=4742"},{"taxonomy":"product_cat","embeddable":true,"href":"https:\/\/ontel.no\/index.php\/wp-json\/wp\/v2\/product_cat?post=4742"},{"taxonomy":"product_tag","embeddable":true,"href":"https:\/\/ontel.no\/index.php\/wp-json\/wp\/v2\/product_tag?post=4742"},{"taxonomy":"woo-feed-brand","embeddable":true,"href":"https:\/\/ontel.no\/index.php\/wp-json\/wp\/v2\/woo-feed-brand?post=4742"}],"curies":[{"name":"wp","href":"https:\/\/api.w.org\/{rel}","templated":true}]}}