{"id":4798,"date":"2024-12-16T07:49:35","date_gmt":"2024-12-16T06:49:35","guid":{"rendered":"https:\/\/ontel.no\/?post_type=product&#038;p=4798"},"modified":"2026-03-20T11:17:12","modified_gmt":"2026-03-20T10:17:12","slug":"amazon-kindle-102-tommer-scribe-2024-m-premium-penn","status":"publish","type":"product","link":"https:\/\/ontel.no\/index.php\/produkt\/amazon-kindle-102-tommer-scribe-2024-m-premium-penn\/","title":{"rendered":"Amazon Kindle 10,2-tommer Scribe 2024 m\/Premium Penn"},"content":{"rendered":"","protected":false},"excerpt":{"rendered":"<p>Scribe er alltid uten reklame (finnes ikke forskjellige varianter bortsett fra lagringskapasitet). NB! Ta med et <a href=\"https:\/\/ontel.no\/index.php\/produktkategori\/tv-audio\/lydprodukter\/bluetooth\/\" target=\"_blank\" rel=\"noopener\">Bluetooth-produkt<\/a> for \u00e5 h\u00f8re p\u00e5 lydb\u00f8ker! Produktvariantene (farge, lagringskapasitet osv.) som er gr\u00e5et ut er ikke p\u00e5 lager og kan ikke velges. USB-A til USB-C ladekabel er inkludert i esken. Hvis du trenger USB-A lader og annet tilbeh\u00f8r (beskyttelse anbefales) kan du velge det under (tilbeh\u00f8r). NB2! Det er viktig \u00e5 beskytte skjermen, spesielt dersom du skal ha den med deg eller oppbevare den l\u00f8st i n\u00e6rheten av andre ting som kan skade skjermen (mer utsatt enn en mobiltelefon siden skjermen er st\u00f8rre og en annen type som\u00a0 kan sprekke ved uforsiktigbehandling). Kj\u00f8p derfor med omslag\/beskyttelse for \u00e5 hindre skade p\u00e5 skjermen! <a href=\"https:\/\/www.amazon.co.uk\/kindle-scribe-2024\/dp\/B0CZ9TBL1H\/\" target=\"_blank\" rel=\"noopener\">Se tekniske spesifikasjoner og annen info her p\u00e5 produsentens side: https:\/\/www.amazon.co.uk\/kindle-scribe-2024\/dp\/B0CZ9TBL1H\/ (klikk her).<\/a><\/p>\n","protected":false},"featured_media":12773,"comment_status":"open","ping_status":"closed","template":"","meta":[],"product_brand":[],"product_cat":[103,27,16],"product_tag":[139,136,137,135],"woo-feed-brand":[175],"class_list":{"0":"post-4798","1":"product","2":"type-product","3":"status-publish","4":"has-post-thumbnail","6":"product_cat-e-readers","7":"product_cat-tablets","8":"product_cat-ukategorisert","9":"product_tag-amazon","10":"product_tag-e-bokleser","11":"product_tag-kindle","12":"product_tag-lesebrett","13":"woo-feed-brand-amazon","15":"first","16":"outofstock","17":"featured","18":"taxable","19":"shipping-taxable","20":"product-type-variable","21":"has-default-attributes"},"_links":{"self":[{"href":"https:\/\/ontel.no\/index.php\/wp-json\/wp\/v2\/product\/4798","targetHints":{"allow":["GET"]}}],"collection":[{"href":"https:\/\/ontel.no\/index.php\/wp-json\/wp\/v2\/product"}],"about":[{"href":"https:\/\/ontel.no\/index.php\/wp-json\/wp\/v2\/types\/product"}],"replies":[{"embeddable":true,"href":"https:\/\/ontel.no\/index.php\/wp-json\/wp\/v2\/comments?post=4798"}],"wp:featuredmedia":[{"embeddable":true,"href":"https:\/\/ontel.no\/index.php\/wp-json\/wp\/v2\/media\/12773"}],"wp:attachment":[{"href":"https:\/\/ontel.no\/index.php\/wp-json\/wp\/v2\/media?parent=4798"}],"wp:term":[{"taxonomy":"product_brand","embeddable":true,"href":"https:\/\/ontel.no\/index.php\/wp-json\/wp\/v2\/product_brand?post=4798"},{"taxonomy":"product_cat","embeddable":true,"href":"https:\/\/ontel.no\/index.php\/wp-json\/wp\/v2\/product_cat?post=4798"},{"taxonomy":"product_tag","embeddable":true,"href":"https:\/\/ontel.no\/index.php\/wp-json\/wp\/v2\/product_tag?post=4798"},{"taxonomy":"woo-feed-brand","embeddable":true,"href":"https:\/\/ontel.no\/index.php\/wp-json\/wp\/v2\/woo-feed-brand?post=4798"}],"curies":[{"name":"wp","href":"https:\/\/api.w.org\/{rel}","templated":true}]}}