{"id":5315,"date":"2025-02-27T07:32:48","date_gmt":"2025-02-27T06:32:48","guid":{"rendered":"https:\/\/ontel.no\/?post_type=product&#038;p=5315"},"modified":"2026-04-13T16:52:45","modified_gmt":"2026-04-13T14:52:45","slug":"amazon-hdmi-extender-adapter-for-amazon-fire-tv-stick","status":"publish","type":"product","link":"https:\/\/ontel.no\/index.php\/produkt\/amazon-hdmi-extender-adapter-for-amazon-fire-tv-stick\/","title":{"rendered":"AMAZON HDMI extender Adapter for Amazon Fire TV Stick"},"content":{"rendered":"","protected":false},"excerpt":{"rendered":"<p>AMAZON HDMI extender Adapter for Amazon Fire TV Stick Devices: Original (AMAZON) overgang som ogs\u00e5 medf\u00f8lger i original esken. Gj\u00f8r at det blir enklere \u00e5 f\u00e5 plugget inn Fire Stick dersom det er trangt om plassen. Dersom du har mistet din opprinnelig overgang eller du trenger tilsvarende til noe annet. Kommer uten innpakning (bulk)<\/p>\n","protected":false},"featured_media":5324,"comment_status":"open","ping_status":"closed","template":"","meta":[],"product_brand":[],"product_cat":[30,108,106,16],"product_tag":[680],"woo-feed-brand":[175],"class_list":{"0":"post-5315","1":"product","2":"type-product","3":"status-publish","4":"has-post-thumbnail","6":"product_cat-tv-audio","7":"product_cat-smart-hjem","8":"product_cat-smart-tv","9":"product_cat-ukategorisert","10":"product_tag-plugg","11":"woo-feed-brand-amazon","13":"first","14":"instock","15":"taxable","16":"shipping-taxable","17":"purchasable","18":"product-type-simple"},"_links":{"self":[{"href":"https:\/\/ontel.no\/index.php\/wp-json\/wp\/v2\/product\/5315","targetHints":{"allow":["GET"]}}],"collection":[{"href":"https:\/\/ontel.no\/index.php\/wp-json\/wp\/v2\/product"}],"about":[{"href":"https:\/\/ontel.no\/index.php\/wp-json\/wp\/v2\/types\/product"}],"replies":[{"embeddable":true,"href":"https:\/\/ontel.no\/index.php\/wp-json\/wp\/v2\/comments?post=5315"}],"wp:featuredmedia":[{"embeddable":true,"href":"https:\/\/ontel.no\/index.php\/wp-json\/wp\/v2\/media\/5324"}],"wp:attachment":[{"href":"https:\/\/ontel.no\/index.php\/wp-json\/wp\/v2\/media?parent=5315"}],"wp:term":[{"taxonomy":"product_brand","embeddable":true,"href":"https:\/\/ontel.no\/index.php\/wp-json\/wp\/v2\/product_brand?post=5315"},{"taxonomy":"product_cat","embeddable":true,"href":"https:\/\/ontel.no\/index.php\/wp-json\/wp\/v2\/product_cat?post=5315"},{"taxonomy":"product_tag","embeddable":true,"href":"https:\/\/ontel.no\/index.php\/wp-json\/wp\/v2\/product_tag?post=5315"},{"taxonomy":"woo-feed-brand","embeddable":true,"href":"https:\/\/ontel.no\/index.php\/wp-json\/wp\/v2\/woo-feed-brand?post=5315"}],"curies":[{"name":"wp","href":"https:\/\/api.w.org\/{rel}","templated":true}]}}