{"id":5382,"date":"2025-03-10T15:36:21","date_gmt":"2025-03-10T14:36:21","guid":{"rendered":"https:\/\/ontel.no\/?post_type=product&#038;p=5382"},"modified":"2026-04-13T16:56:09","modified_gmt":"2026-04-13T14:56:09","slug":"ethernet-adapter-for-amazon-fire-tv","status":"publish","type":"product","link":"https:\/\/ontel.no\/index.php\/produkt\/ethernet-adapter-for-amazon-fire-tv\/","title":{"rendered":"Ethernet Adapter for Amazon Fire TV"},"content":{"rendered":"","protected":false},"excerpt":{"rendered":"<p>Ethernet Adapter for Amazon Fire TV Devices: F\u00e5 raskere internettilkobling hvis du har treg eller overbelastet WiFi. og unng\u00e5 \u00e5 belaste evt. begrenset WiFi-kapasitet (har du rask WiFi &#8211; f.eks. WiFi6 med god kapasitet blir det ikke raskere).<\/p>\n<p>Lett oppsett \u2013 bare koble til sammen adapteret med Fire TV enheten og plugg inn standard Ethernet kabel fra ruteren. Kompatibel med alle Fire TV enheter (ogs\u00e5 4K og Max). 10\/100 Ethernet.<\/p>\n","protected":false},"featured_media":1421,"comment_status":"open","ping_status":"closed","template":"","meta":[],"product_brand":[],"product_cat":[291,30,106,16],"product_tag":[683],"woo-feed-brand":[185],"class_list":{"0":"post-5382","1":"product","2":"type-product","3":"status-publish","4":"has-post-thumbnail","6":"product_cat-anbefalte","7":"product_cat-tv-audio","8":"product_cat-smart-tv","9":"product_cat-ukategorisert","10":"product_tag-diverse","11":"woo-feed-brand-ontel-oem-diverse","13":"first","14":"instock","15":"taxable","16":"shipping-taxable","17":"purchasable","18":"product-type-variable","19":"has-default-attributes"},"_links":{"self":[{"href":"https:\/\/ontel.no\/index.php\/wp-json\/wp\/v2\/product\/5382","targetHints":{"allow":["GET"]}}],"collection":[{"href":"https:\/\/ontel.no\/index.php\/wp-json\/wp\/v2\/product"}],"about":[{"href":"https:\/\/ontel.no\/index.php\/wp-json\/wp\/v2\/types\/product"}],"replies":[{"embeddable":true,"href":"https:\/\/ontel.no\/index.php\/wp-json\/wp\/v2\/comments?post=5382"}],"wp:featuredmedia":[{"embeddable":true,"href":"https:\/\/ontel.no\/index.php\/wp-json\/wp\/v2\/media\/1421"}],"wp:attachment":[{"href":"https:\/\/ontel.no\/index.php\/wp-json\/wp\/v2\/media?parent=5382"}],"wp:term":[{"taxonomy":"product_brand","embeddable":true,"href":"https:\/\/ontel.no\/index.php\/wp-json\/wp\/v2\/product_brand?post=5382"},{"taxonomy":"product_cat","embeddable":true,"href":"https:\/\/ontel.no\/index.php\/wp-json\/wp\/v2\/product_cat?post=5382"},{"taxonomy":"product_tag","embeddable":true,"href":"https:\/\/ontel.no\/index.php\/wp-json\/wp\/v2\/product_tag?post=5382"},{"taxonomy":"woo-feed-brand","embeddable":true,"href":"https:\/\/ontel.no\/index.php\/wp-json\/wp\/v2\/woo-feed-brand?post=5382"}],"curies":[{"name":"wp","href":"https:\/\/api.w.org\/{rel}","templated":true}]}}