{"id":5388,"date":"2025-03-10T18:55:00","date_gmt":"2025-03-10T17:55:00","guid":{"rendered":"https:\/\/ontel.no\/?post_type=product&#038;p=5388"},"modified":"2026-04-13T16:45:38","modified_gmt":"2026-04-13T14:45:38","slug":"hdmi-skjot","status":"publish","type":"product","link":"https:\/\/ontel.no\/index.php\/produkt\/hdmi-skjot\/","title":{"rendered":"HDMI skj\u00f8t"},"content":{"rendered":"","protected":false},"excerpt":{"rendered":"<p>HDMI skj\u00f8t (hunn-hunn) for \u00e5 skj\u00f8te sammen to vanlige HDMI-kabler. Gullbelagte kontakter. Standard HDMI A v. 2.0 st\u00f8tter 4K@60Hz, Audio Return Channel (ARC), HDMI Ethernet Channel (HEC), HDCP, 3D video<\/p>\n","protected":false},"featured_media":5391,"comment_status":"open","ping_status":"closed","template":"","meta":[],"product_brand":[],"product_cat":[288,291,30,106,16],"product_tag":[680],"woo-feed-brand":[],"class_list":{"0":"post-5388","1":"product","2":"type-product","3":"status-publish","4":"has-post-thumbnail","6":"product_cat-288","7":"product_cat-anbefalte","8":"product_cat-tv-audio","9":"product_cat-smart-tv","10":"product_cat-ukategorisert","11":"product_tag-plugg","13":"first","14":"instock","15":"taxable","16":"shipping-taxable","17":"purchasable","18":"product-type-variable","19":"has-default-attributes"},"_links":{"self":[{"href":"https:\/\/ontel.no\/index.php\/wp-json\/wp\/v2\/product\/5388","targetHints":{"allow":["GET"]}}],"collection":[{"href":"https:\/\/ontel.no\/index.php\/wp-json\/wp\/v2\/product"}],"about":[{"href":"https:\/\/ontel.no\/index.php\/wp-json\/wp\/v2\/types\/product"}],"replies":[{"embeddable":true,"href":"https:\/\/ontel.no\/index.php\/wp-json\/wp\/v2\/comments?post=5388"}],"wp:featuredmedia":[{"embeddable":true,"href":"https:\/\/ontel.no\/index.php\/wp-json\/wp\/v2\/media\/5391"}],"wp:attachment":[{"href":"https:\/\/ontel.no\/index.php\/wp-json\/wp\/v2\/media?parent=5388"}],"wp:term":[{"taxonomy":"product_brand","embeddable":true,"href":"https:\/\/ontel.no\/index.php\/wp-json\/wp\/v2\/product_brand?post=5388"},{"taxonomy":"product_cat","embeddable":true,"href":"https:\/\/ontel.no\/index.php\/wp-json\/wp\/v2\/product_cat?post=5388"},{"taxonomy":"product_tag","embeddable":true,"href":"https:\/\/ontel.no\/index.php\/wp-json\/wp\/v2\/product_tag?post=5388"},{"taxonomy":"woo-feed-brand","embeddable":true,"href":"https:\/\/ontel.no\/index.php\/wp-json\/wp\/v2\/woo-feed-brand?post=5388"}],"curies":[{"name":"wp","href":"https:\/\/api.w.org\/{rel}","templated":true}]}}