{"id":5408,"date":"2025-03-12T11:10:13","date_gmt":"2025-03-12T10:10:13","guid":{"rendered":"https:\/\/ontel.no\/?post_type=product&#038;p=5408"},"modified":"2026-04-13T17:12:17","modified_gmt":"2026-04-13T15:12:17","slug":"batteri-til-huawei","status":"publish","type":"product","link":"https:\/\/ontel.no\/index.php\/produkt\/batteri-til-huawei\/","title":{"rendered":"Batteri til Huawei"},"content":{"rendered":"","protected":false},"excerpt":{"rendered":"<p>Laget for Huawei. NB! Kun for deg som er proff\/trygg p\u00e5 \u00e5pning av telefonen (p\u00e5 eget ansvar). <a class=\"content_link \" href=\"https:\/\/www.ifixit.com\/Device\/iPhone\" target=\"_blank\" ><span class=\"icon\"><i class=\"icon-lamp\" aria-hidden=\"true\"><\/i><\/span><span class=\"title\">Guide<\/span><\/a><br \/>\nNB! Veldig mye for pengene her: du f\u00e5r ogs\u00e5 med vanntett forsegling (p\u00e5 de modellene der dette er vanlig) og batterifeste inkludert i prisen!NB! Krever spesial-verkt\u00f8y (ikke inkludert), kunnskap og erfaring for installasjon.<\/p>\n","protected":false},"featured_media":2332,"comment_status":"open","ping_status":"closed","template":"","meta":[],"product_brand":[],"product_cat":[99,16],"product_tag":[683],"woo-feed-brand":[199],"class_list":{"0":"post-5408","1":"product","2":"type-product","3":"status-publish","4":"has-post-thumbnail","6":"product_cat-phone-accessories","7":"product_cat-ukategorisert","8":"product_tag-diverse","9":"woo-feed-brand-deji","11":"first","12":"instock","13":"taxable","14":"shipping-taxable","15":"purchasable","16":"product-type-variable","17":"has-default-attributes"},"_links":{"self":[{"href":"https:\/\/ontel.no\/index.php\/wp-json\/wp\/v2\/product\/5408","targetHints":{"allow":["GET"]}}],"collection":[{"href":"https:\/\/ontel.no\/index.php\/wp-json\/wp\/v2\/product"}],"about":[{"href":"https:\/\/ontel.no\/index.php\/wp-json\/wp\/v2\/types\/product"}],"replies":[{"embeddable":true,"href":"https:\/\/ontel.no\/index.php\/wp-json\/wp\/v2\/comments?post=5408"}],"wp:featuredmedia":[{"embeddable":true,"href":"https:\/\/ontel.no\/index.php\/wp-json\/wp\/v2\/media\/2332"}],"wp:attachment":[{"href":"https:\/\/ontel.no\/index.php\/wp-json\/wp\/v2\/media?parent=5408"}],"wp:term":[{"taxonomy":"product_brand","embeddable":true,"href":"https:\/\/ontel.no\/index.php\/wp-json\/wp\/v2\/product_brand?post=5408"},{"taxonomy":"product_cat","embeddable":true,"href":"https:\/\/ontel.no\/index.php\/wp-json\/wp\/v2\/product_cat?post=5408"},{"taxonomy":"product_tag","embeddable":true,"href":"https:\/\/ontel.no\/index.php\/wp-json\/wp\/v2\/product_tag?post=5408"},{"taxonomy":"woo-feed-brand","embeddable":true,"href":"https:\/\/ontel.no\/index.php\/wp-json\/wp\/v2\/woo-feed-brand?post=5408"}],"curies":[{"name":"wp","href":"https:\/\/api.w.org\/{rel}","templated":true}]}}