{"id":5910,"date":"2025-07-22T09:19:21","date_gmt":"2025-07-22T07:19:21","guid":{"rendered":"https:\/\/ontel.no\/?post_type=product&#038;p=5910"},"modified":"2026-02-12T15:51:58","modified_gmt":"2026-02-12T14:51:58","slug":"apple-ipad-pro-m4-13-tommer","status":"publish","type":"product","link":"https:\/\/ontel.no\/index.php\/produkt\/apple-ipad-pro-m4-13-tommer\/","title":{"rendered":"Apple iPad PRO (M4) 13 tommer"},"content":{"rendered":"<p>NB! Vi har forskjellige varianter. Det er det du velger over og legger i handlekurv som gjelder (hvis varianten er p\u00e5 lager &#8211; ellers vil det ikke v\u00e6re mulig \u00e5 putte i handlekurv). Se i handlekurv etterp\u00e5 at du har valgt riktig variant!<\/p>\n","protected":false},"excerpt":{"rendered":"<p><a href=\"https:\/\/ontel.no\/index.php\/produkt\/apple-pencil\/?pa_apple-pencil=pro-ny\" target=\"_blank\" rel=\"noopener\">Husk \u00e5 ta med Apple Pencil PRO (evt. den billigere USB-C)- vi har tilbud p\u00e5 alle Apple Pencil!<\/a> P\u00e5 &laquo;som ny (\u00e5pnet eske)&raquo;, eller brukt f\u00f8lger det ikke med tilbeh\u00f8r eller selve originialesken. Husk \u00e5 ta med viktig tilbeh\u00f8r (se lenger ned for aktuelle ladere, PENCIL osv.). Bruker Pencil Pro eller USB-C, eller den kompatible <a href=\"https:\/\/ontel.no\/index.php\/produkt\/pencil-stylus-pen-penn-til-apple-ipad-med-palm-rejection-kan-erstatte-apple-pencil-2-usb-c\/\" target=\"_blank\" rel=\"noopener\">Pencil (stylus pen)<\/a>, se tilbeh\u00f8r under. Alts\u00e5 IKKE Apple Pencil-1 eller 2. <a href=\"https:\/\/support.apple.com\/no-no\/119891\" target=\"_blank\" rel=\"noopener\">Se Apple iPad PRO 13-tommer med M4 sine spesifikasjoner her (Apple sine sider).<\/a><\/p>\n","protected":false},"featured_media":15154,"comment_status":"open","ping_status":"closed","template":"","meta":[],"product_brand":[],"product_cat":[104,27,16,278],"product_tag":[271],"woo-feed-brand":[184],"class_list":{"0":"post-5910","1":"product","2":"type-product","3":"status-publish","4":"has-post-thumbnail","6":"product_cat-apple-ipad","7":"product_cat-tablets","8":"product_cat-ukategorisert","9":"product_cat-us-plugg","10":"product_tag-us-plugg","11":"woo-feed-brand-apple","13":"first","14":"outofstock","15":"taxable","16":"shipping-taxable","17":"product-type-variable","18":"has-default-attributes"},"_links":{"self":[{"href":"https:\/\/ontel.no\/index.php\/wp-json\/wp\/v2\/product\/5910","targetHints":{"allow":["GET"]}}],"collection":[{"href":"https:\/\/ontel.no\/index.php\/wp-json\/wp\/v2\/product"}],"about":[{"href":"https:\/\/ontel.no\/index.php\/wp-json\/wp\/v2\/types\/product"}],"replies":[{"embeddable":true,"href":"https:\/\/ontel.no\/index.php\/wp-json\/wp\/v2\/comments?post=5910"}],"wp:featuredmedia":[{"embeddable":true,"href":"https:\/\/ontel.no\/index.php\/wp-json\/wp\/v2\/media\/15154"}],"wp:attachment":[{"href":"https:\/\/ontel.no\/index.php\/wp-json\/wp\/v2\/media?parent=5910"}],"wp:term":[{"taxonomy":"product_brand","embeddable":true,"href":"https:\/\/ontel.no\/index.php\/wp-json\/wp\/v2\/product_brand?post=5910"},{"taxonomy":"product_cat","embeddable":true,"href":"https:\/\/ontel.no\/index.php\/wp-json\/wp\/v2\/product_cat?post=5910"},{"taxonomy":"product_tag","embeddable":true,"href":"https:\/\/ontel.no\/index.php\/wp-json\/wp\/v2\/product_tag?post=5910"},{"taxonomy":"woo-feed-brand","embeddable":true,"href":"https:\/\/ontel.no\/index.php\/wp-json\/wp\/v2\/woo-feed-brand?post=5910"}],"curies":[{"name":"wp","href":"https:\/\/api.w.org\/{rel}","templated":true}]}}