{"id":5936,"date":"2025-07-23T18:15:01","date_gmt":"2025-07-23T16:15:01","guid":{"rendered":"https:\/\/ontel.no\/?post_type=product&#038;p=5936"},"modified":"2026-02-20T17:11:01","modified_gmt":"2026-02-20T16:11:01","slug":"apple-iphone-15-pro-max","status":"publish","type":"product","link":"https:\/\/ontel.no\/index.php\/produkt\/apple-iphone-15-pro-max\/","title":{"rendered":"Apple iPhone 15 PRO MAX"},"content":{"rendered":"<p>Prisen gjelder kun telefon. Legg til ladekabel, USB-lader og beskyttelse (anbefales) dersom du trenger det.<\/p>\n<p><a href=\"https:\/\/ontel.no\/index.php\/2023\/11\/16\/nye-graderinger-f-o-m-2024\/\" target=\"_blank\" rel=\"noopener\">Les her om graderinger og batterikapasitet p\u00e5 brukte produkter (gradering A, B, C og D)<\/a>.<\/p>\n","protected":false},"excerpt":{"rendered":"<p>NB! dual eSIM: mulighet for 1 eller 2 eSIM (IKKE fysisk SIM)!\u00a0Alle knapper og funksjoner virker garantert p\u00e5 alle produkter vi selger. Du m\u00e5 velge blant tilgjengelige alternativer (p\u00e5 lager) for \u00e5 f\u00e5 riktig pris og mulighet til \u00e5 legge til handlekurven. NB! Se lenger ned for aktuelt tilbeh\u00f8r. Brukte iPhone kommer uten tilbeh\u00f8r &#8211; husk ladekabel (USB-C), lader og beskyttelse.. Gradering er kun kosmetisk, <a href=\"https:\/\/ontel.no\/index.php\/2023\/11\/16\/nye-graderinger-f-o-m-2024\/\" target=\"_blank\" rel=\"noopener\">les mer om dette, batterikapasitet og garanti her<\/a>.<\/p>\n","protected":false},"featured_media":5940,"comment_status":"open","ping_status":"closed","template":"","meta":[],"product_brand":[],"product_cat":[96,98,25,16],"product_tag":[],"woo-feed-brand":[184],"class_list":{"0":"post-5936","1":"product","2":"type-product","3":"status-publish","4":"has-post-thumbnail","6":"product_cat-5g-phones","7":"product_cat-brukte-telefoner","8":"product_cat-smartphones","9":"product_cat-ukategorisert","10":"woo-feed-brand-apple","12":"first","13":"outofstock","14":"taxable","15":"shipping-taxable","16":"product-type-variable","17":"has-default-attributes"},"_links":{"self":[{"href":"https:\/\/ontel.no\/index.php\/wp-json\/wp\/v2\/product\/5936","targetHints":{"allow":["GET"]}}],"collection":[{"href":"https:\/\/ontel.no\/index.php\/wp-json\/wp\/v2\/product"}],"about":[{"href":"https:\/\/ontel.no\/index.php\/wp-json\/wp\/v2\/types\/product"}],"replies":[{"embeddable":true,"href":"https:\/\/ontel.no\/index.php\/wp-json\/wp\/v2\/comments?post=5936"}],"wp:featuredmedia":[{"embeddable":true,"href":"https:\/\/ontel.no\/index.php\/wp-json\/wp\/v2\/media\/5940"}],"wp:attachment":[{"href":"https:\/\/ontel.no\/index.php\/wp-json\/wp\/v2\/media?parent=5936"}],"wp:term":[{"taxonomy":"product_brand","embeddable":true,"href":"https:\/\/ontel.no\/index.php\/wp-json\/wp\/v2\/product_brand?post=5936"},{"taxonomy":"product_cat","embeddable":true,"href":"https:\/\/ontel.no\/index.php\/wp-json\/wp\/v2\/product_cat?post=5936"},{"taxonomy":"product_tag","embeddable":true,"href":"https:\/\/ontel.no\/index.php\/wp-json\/wp\/v2\/product_tag?post=5936"},{"taxonomy":"woo-feed-brand","embeddable":true,"href":"https:\/\/ontel.no\/index.php\/wp-json\/wp\/v2\/woo-feed-brand?post=5936"}],"curies":[{"name":"wp","href":"https:\/\/api.w.org\/{rel}","templated":true}]}}