{"id":6440,"date":"2025-10-24T10:14:15","date_gmt":"2025-10-24T08:14:15","guid":{"rendered":"https:\/\/ontel.no\/?post_type=product&#038;p=6440"},"modified":"2026-04-12T13:00:36","modified_gmt":"2026-04-12T11:00:36","slug":"apple-iphone-16e-dual-esim","status":"publish","type":"product","link":"https:\/\/ontel.no\/index.php\/produkt\/apple-iphone-16e-dual-esim\/","title":{"rendered":"Apple iPhone 16e dual eSIM*"},"content":{"rendered":"<p>Prisen gjelder kun telefon. Legg til, ladekabel, USB-lader og beskyttelse (anbefales) dersom du trenger det.<\/p>\n<p><a href=\"https:\/\/ontel.no\/index.php\/2023\/11\/16\/nye-graderinger-f-o-m-2024\/\" target=\"_blank\" rel=\"noopener\">Les her om graderinger og batterikapasitet p\u00e5 brukte produkter (gradering A, B, C og D)<\/a>.<\/p>\n","protected":false},"excerpt":{"rendered":"<p>*mulighet for 1 eller 2 eSIM (IKKE fysisk SIM)!\u00a0Du m\u00e5 velge blant tilgjengelige alternativer (p\u00e5 lager) for \u00e5 f\u00e5 riktig pris og mulighet til \u00e5 legge til handlekurven. NB! Se lenger ned for aktuelt tilbeh\u00f8r (brukte iPhone kommer uten tilbeh\u00f8r &#8211; husk ladekabel, lader og beskyttelse. Alt virker p\u00e5 telefonen. Gradering er kun kosmetisk, <a href=\"https:\/\/ontel.no\/index.php\/2023\/11\/16\/nye-graderinger-f-o-m-2024\/\">les mer om dette (og batterikapasitet) her<\/a>.<\/p>\n","protected":false},"featured_media":16086,"comment_status":"open","ping_status":"closed","template":"","meta":[],"product_brand":[],"product_cat":[96,98,97,25,16],"product_tag":[],"woo-feed-brand":[184],"class_list":{"0":"post-6440","1":"product","2":"type-product","3":"status-publish","4":"has-post-thumbnail","6":"product_cat-5g-phones","7":"product_cat-brukte-telefoner","8":"product_cat-new-phones","9":"product_cat-smartphones","10":"product_cat-ukategorisert","11":"woo-feed-brand-apple","13":"first","14":"instock","15":"taxable","16":"shipping-taxable","17":"purchasable","18":"product-type-variable","19":"has-default-attributes"},"_links":{"self":[{"href":"https:\/\/ontel.no\/index.php\/wp-json\/wp\/v2\/product\/6440","targetHints":{"allow":["GET"]}}],"collection":[{"href":"https:\/\/ontel.no\/index.php\/wp-json\/wp\/v2\/product"}],"about":[{"href":"https:\/\/ontel.no\/index.php\/wp-json\/wp\/v2\/types\/product"}],"replies":[{"embeddable":true,"href":"https:\/\/ontel.no\/index.php\/wp-json\/wp\/v2\/comments?post=6440"}],"wp:featuredmedia":[{"embeddable":true,"href":"https:\/\/ontel.no\/index.php\/wp-json\/wp\/v2\/media\/16086"}],"wp:attachment":[{"href":"https:\/\/ontel.no\/index.php\/wp-json\/wp\/v2\/media?parent=6440"}],"wp:term":[{"taxonomy":"product_brand","embeddable":true,"href":"https:\/\/ontel.no\/index.php\/wp-json\/wp\/v2\/product_brand?post=6440"},{"taxonomy":"product_cat","embeddable":true,"href":"https:\/\/ontel.no\/index.php\/wp-json\/wp\/v2\/product_cat?post=6440"},{"taxonomy":"product_tag","embeddable":true,"href":"https:\/\/ontel.no\/index.php\/wp-json\/wp\/v2\/product_tag?post=6440"},{"taxonomy":"woo-feed-brand","embeddable":true,"href":"https:\/\/ontel.no\/index.php\/wp-json\/wp\/v2\/woo-feed-brand?post=6440"}],"curies":[{"name":"wp","href":"https:\/\/api.w.org\/{rel}","templated":true}]}}