{"id":6520,"date":"2025-10-26T19:02:47","date_gmt":"2025-10-26T18:02:47","guid":{"rendered":"https:\/\/ontel.no\/?post_type=product&#038;p=6520"},"modified":"2026-04-13T16:36:40","modified_gmt":"2026-04-13T14:36:40","slug":"magnetiske-kabel-klips-m-limfeste","status":"publish","type":"product","link":"https:\/\/ontel.no\/index.php\/produkt\/magnetiske-kabel-klips-m-limfeste\/","title":{"rendered":"Magnetiske kabel klips m\/limfeste"},"content":{"rendered":"","protected":false},"excerpt":{"rendered":"<p>Ladekabler l\u00e5ses enkelt p\u00e5 plass med magnetfeste. Kan festes p\u00e5 vegg, m\u00f8bler og alle glatte flater.<\/p>\n","protected":false},"featured_media":6521,"comment_status":"open","ping_status":"closed","template":"","meta":[],"product_brand":[],"product_cat":[288,291,99,102,16,344],"product_tag":[683],"woo-feed-brand":[185],"class_list":{"0":"post-6520","1":"product","2":"type-product","3":"status-publish","4":"has-post-thumbnail","6":"product_cat-288","7":"product_cat-anbefalte","8":"product_cat-phone-accessories","9":"product_cat-applewatch-accessories","10":"product_cat-ukategorisert","11":"product_cat-usb-c-kabler","12":"product_tag-diverse","13":"woo-feed-brand-ontel-oem-diverse","15":"first","16":"instock","17":"taxable","18":"shipping-taxable","19":"purchasable","20":"product-type-simple"},"_links":{"self":[{"href":"https:\/\/ontel.no\/index.php\/wp-json\/wp\/v2\/product\/6520","targetHints":{"allow":["GET"]}}],"collection":[{"href":"https:\/\/ontel.no\/index.php\/wp-json\/wp\/v2\/product"}],"about":[{"href":"https:\/\/ontel.no\/index.php\/wp-json\/wp\/v2\/types\/product"}],"replies":[{"embeddable":true,"href":"https:\/\/ontel.no\/index.php\/wp-json\/wp\/v2\/comments?post=6520"}],"wp:featuredmedia":[{"embeddable":true,"href":"https:\/\/ontel.no\/index.php\/wp-json\/wp\/v2\/media\/6521"}],"wp:attachment":[{"href":"https:\/\/ontel.no\/index.php\/wp-json\/wp\/v2\/media?parent=6520"}],"wp:term":[{"taxonomy":"product_brand","embeddable":true,"href":"https:\/\/ontel.no\/index.php\/wp-json\/wp\/v2\/product_brand?post=6520"},{"taxonomy":"product_cat","embeddable":true,"href":"https:\/\/ontel.no\/index.php\/wp-json\/wp\/v2\/product_cat?post=6520"},{"taxonomy":"product_tag","embeddable":true,"href":"https:\/\/ontel.no\/index.php\/wp-json\/wp\/v2\/product_tag?post=6520"},{"taxonomy":"woo-feed-brand","embeddable":true,"href":"https:\/\/ontel.no\/index.php\/wp-json\/wp\/v2\/woo-feed-brand?post=6520"}],"curies":[{"name":"wp","href":"https:\/\/api.w.org\/{rel}","templated":true}]}}