{"id":717,"date":"2023-12-18T16:14:05","date_gmt":"2023-12-18T15:14:05","guid":{"rendered":"https:\/\/new.ontel.no\/?post_type=product&#038;p=717"},"modified":"2026-04-09T08:03:56","modified_gmt":"2026-04-09T06:03:56","slug":"amazon-basics-baerbart-sammenleggbart-stort-produktfotostudio-portable-foldable-photo-studio-box-with-led-light-62x76x62cm","status":"publish","type":"product","link":"https:\/\/ontel.no\/index.php\/produkt\/amazon-basics-baerbart-sammenleggbart-stort-produktfotostudio-portable-foldable-photo-studio-box-with-led-light-62x76x62cm\/","title":{"rendered":"Amazon Basics sammenleggbart stort produktfotostudio. Portable Foldable Photo Studio Box with LED Light  (62x76x62cm)"},"content":{"rendered":"","protected":false},"excerpt":{"rendered":"<p>Ingen montering n\u00f8dvendig med oppsett p\u00e5 mindre enn ett minutt (sl\u00e5s opp og klapper sammen i l\u00f8pet av f\u00e5 sekunder &#8211; s\u00e5 er det bare \u00e5 koble til str\u00f8mforyning som du finner i innebygget lomme p\u00e5 toppen); Kollapser sammen til en tynn, b\u00e6rbar og slitesterk portef\u00f8ljeveske (se bilder).<\/p>\n<p>STOR st\u00f8rrelse (sammenling med tilsvarende produkter p\u00e5 markedet). M\u00e5ler 76.2 x 63.5 x 63.5 cm (25x30x25 tommer) for \u00e5 passe til en rekke produktst\u00f8rrelser; Inkluderer str\u00f8mforsyning, brukerveiledning og forh\u00e5ndsinstallert flyttbar knallhvit bakgrunn.<\/p>\n<p>Innebygde LED-lys med h\u00f8y effekt for h\u00e5ndholdt fotografering med kamera eller smarttelefon. Lysene er plassert for optimal kontrast, og gir 5600k &#8211; dagslysbalanserte lysdioder med h\u00f8y fargegjengivelsesindeks (CRI) for konsistente farger. Et ekstra lys gir retningsbestemt lysmodellering som i et fotostudio, og gir bedre &laquo;highlights&raquo;, kontrast og form til produktbildene.<\/p>\n<p>Et 3-d\u00f8rs frontsystem maksimerer bildevinklene samtidig som det reduserer utvendige refleksjoner, og et topphull muliggj\u00f8r avbildning ovenfra.<\/p>\n<p>Kompatibel med Amazon Seller-appen; Ta, rediger og last opp katalogbilder direkte til Amazon.<\/p>\n<p>Se mer info <a href=\"https:\/\/www.amazon.co.uk\/dp\/B01GPY5EL4\" target=\"_blank\" rel=\"noopener\">p\u00e5 produsentens side<\/a>.<\/p>\n<p><div class=\"lazyload smush-lazyload-video smush-lazyload-youtube\" style=\"--smush-video-aspect-ratio: 420\/230\" data-bg-image=\"url(https:\/\/ontel.no\/wp-admin\/admin-ajax.php?action=smush_video_thumbnail&#038;url=https%3A%2F%2Fwww.youtube.com%2Fembed%2F4mcqYNU-FTc%3Fsi%3DptDJ6XKXB5hAIk75&#038;video_width=420&#038;video_height=230)\" ><iframe title=\"YouTube video player\" data-src=\"https:\/\/www.youtube.com\/embed\/4mcqYNU-FTc?si=ptDJ6XKXB5hAIk75\" width=\"420\" height=\"230\" frameborder=\"0\" allowfullscreen=\"allowfullscreen\" src=\"data:image\/svg+xml;base64,PHN2ZyB3aWR0aD0iMSIgaGVpZ2h0PSIxIiB4bWxucz0iaHR0cDovL3d3dy53My5vcmcvMjAwMC9zdmciPjwvc3ZnPg==\"><\/iframe><span class=\"smush-play-btn\" role=\"button\" aria-label=\"Play video\">\r\n\t\t\t\t<span tabindex=\"0\" class=\"smush-play-btn-inner\">\r\n\t\t\t\t\t<span>Play<\/span>\r\n\t\t\t\t<\/span>\r\n\t\t\t<\/span><\/div><\/p>\n","protected":false},"featured_media":940,"comment_status":"open","ping_status":"closed","template":"","meta":[],"product_brand":[],"product_cat":[291,181,30,99,16],"product_tag":[139],"woo-feed-brand":[175],"class_list":{"0":"post-717","1":"product","2":"type-product","3":"status-publish","4":"has-post-thumbnail","6":"product_cat-anbefalte","7":"product_cat-foto","8":"product_cat-tv-audio","9":"product_cat-phone-accessories","10":"product_cat-ukategorisert","11":"product_tag-amazon","12":"woo-feed-brand-amazon","14":"first","15":"instock","16":"taxable","17":"shipping-taxable","18":"purchasable","19":"product-type-simple"},"_links":{"self":[{"href":"https:\/\/ontel.no\/index.php\/wp-json\/wp\/v2\/product\/717","targetHints":{"allow":["GET"]}}],"collection":[{"href":"https:\/\/ontel.no\/index.php\/wp-json\/wp\/v2\/product"}],"about":[{"href":"https:\/\/ontel.no\/index.php\/wp-json\/wp\/v2\/types\/product"}],"replies":[{"embeddable":true,"href":"https:\/\/ontel.no\/index.php\/wp-json\/wp\/v2\/comments?post=717"}],"wp:featuredmedia":[{"embeddable":true,"href":"https:\/\/ontel.no\/index.php\/wp-json\/wp\/v2\/media\/940"}],"wp:attachment":[{"href":"https:\/\/ontel.no\/index.php\/wp-json\/wp\/v2\/media?parent=717"}],"wp:term":[{"taxonomy":"product_brand","embeddable":true,"href":"https:\/\/ontel.no\/index.php\/wp-json\/wp\/v2\/product_brand?post=717"},{"taxonomy":"product_cat","embeddable":true,"href":"https:\/\/ontel.no\/index.php\/wp-json\/wp\/v2\/product_cat?post=717"},{"taxonomy":"product_tag","embeddable":true,"href":"https:\/\/ontel.no\/index.php\/wp-json\/wp\/v2\/product_tag?post=717"},{"taxonomy":"woo-feed-brand","embeddable":true,"href":"https:\/\/ontel.no\/index.php\/wp-json\/wp\/v2\/woo-feed-brand?post=717"}],"curies":[{"name":"wp","href":"https:\/\/api.w.org\/{rel}","templated":true}]}}