{"id":910,"date":"2024-01-10T14:57:07","date_gmt":"2024-01-10T13:57:07","guid":{"rendered":"https:\/\/new.ontel.no\/?post_type=product&#038;p=910"},"modified":"2026-04-22T08:06:22","modified_gmt":"2026-04-22T06:06:22","slug":"clear-case-med-magsafe-for-apple-iphone","status":"publish","type":"product","link":"https:\/\/ontel.no\/index.php\/produkt\/clear-case-med-magsafe-for-apple-iphone\/","title":{"rendered":"Clear Case med MagSafe for Apple iPhone"},"content":{"rendered":"","protected":false},"excerpt":{"rendered":"<p>Solid beskyttelse for Apple iPhone. Bygger ut minst mulig, med ekstra forh\u00f8yelse rundt kamera for beskyttelse n\u00e5r du legger telefonen ned. Utf\u00f8relse i helt optisk klart polykarbonat og fleksible materialer (for knappene).<\/p>\n","protected":false},"featured_media":3201,"comment_status":"open","ping_status":"closed","template":"","meta":[],"product_brand":[],"product_cat":[25,605,99,16],"product_tag":[681],"woo-feed-brand":[185],"class_list":{"0":"post-910","1":"product","2":"type-product","3":"status-publish","4":"has-post-thumbnail","6":"product_cat-smartphones","7":"product_cat-telefonbeskyttelse","8":"product_cat-phone-accessories","9":"product_cat-ukategorisert","10":"product_tag-beskyttelse","11":"woo-feed-brand-ontel-oem-diverse","13":"first","14":"instock","15":"sale","16":"taxable","17":"shipping-taxable","18":"purchasable","19":"product-type-variable","20":"has-default-attributes"},"_links":{"self":[{"href":"https:\/\/ontel.no\/index.php\/wp-json\/wp\/v2\/product\/910","targetHints":{"allow":["GET"]}}],"collection":[{"href":"https:\/\/ontel.no\/index.php\/wp-json\/wp\/v2\/product"}],"about":[{"href":"https:\/\/ontel.no\/index.php\/wp-json\/wp\/v2\/types\/product"}],"replies":[{"embeddable":true,"href":"https:\/\/ontel.no\/index.php\/wp-json\/wp\/v2\/comments?post=910"}],"wp:featuredmedia":[{"embeddable":true,"href":"https:\/\/ontel.no\/index.php\/wp-json\/wp\/v2\/media\/3201"}],"wp:attachment":[{"href":"https:\/\/ontel.no\/index.php\/wp-json\/wp\/v2\/media?parent=910"}],"wp:term":[{"taxonomy":"product_brand","embeddable":true,"href":"https:\/\/ontel.no\/index.php\/wp-json\/wp\/v2\/product_brand?post=910"},{"taxonomy":"product_cat","embeddable":true,"href":"https:\/\/ontel.no\/index.php\/wp-json\/wp\/v2\/product_cat?post=910"},{"taxonomy":"product_tag","embeddable":true,"href":"https:\/\/ontel.no\/index.php\/wp-json\/wp\/v2\/product_tag?post=910"},{"taxonomy":"woo-feed-brand","embeddable":true,"href":"https:\/\/ontel.no\/index.php\/wp-json\/wp\/v2\/woo-feed-brand?post=910"}],"curies":[{"name":"wp","href":"https:\/\/api.w.org\/{rel}","templated":true}]}}