{"id":952,"date":"2024-01-17T12:56:04","date_gmt":"2024-01-17T11:56:04","guid":{"rendered":"https:\/\/new.ontel.no\/?post_type=product&#038;p=952"},"modified":"2026-04-09T13:43:10","modified_gmt":"2026-04-09T11:43:10","slug":"sport-band-for-apple-watch-silicone","status":"publish","type":"product","link":"https:\/\/ontel.no\/index.php\/produkt\/sport-band-for-apple-watch-silicone\/","title":{"rendered":"Sport Band for Apple Watch Silikon"},"content":{"rendered":"<p>Laget av premium h\u00f8ykvalitets silikon. Myk, hudvennlig, vaskbar og behagelig \u00e5 ha p\u00e5.<\/p>\n","protected":false},"excerpt":{"rendered":"<p>Sport Band for Apple Watch:<\/p>\n<p><div class=\"lazyload smush-lazyload-video smush-lazyload-youtube\" style=\"--smush-video-aspect-ratio: 420\/230\" data-bg-image=\"url(https:\/\/i.ytimg.com\/vi_webp\/0592yNJJ6Kc\/maxresdefault.webp)\" ><iframe title=\"YouTube video player\" data-src=\"https:\/\/www.youtube.com\/embed\/0592yNJJ6Kc?si=ptDJ6XKXB5hAIk75\" width=\"420\" height=\"230\" frameborder=\"0\" allowfullscreen=\"allowfullscreen\" src=\"data:image\/svg+xml;base64,PHN2ZyB3aWR0aD0iMSIgaGVpZ2h0PSIxIiB4bWxucz0iaHR0cDovL3d3dy53My5vcmcvMjAwMC9zdmciPjwvc3ZnPg==\"><\/iframe><span class=\"smush-play-btn\" role=\"button\" aria-label=\"Play video\">\r\n\t\t\t\t<span tabindex=\"0\" class=\"smush-play-btn-inner\">\r\n\t\t\t\t\t<span>Play<\/span>\r\n\t\t\t\t<\/span>\r\n\t\t\t<\/span><\/div><\/p>\n","protected":false},"featured_media":959,"comment_status":"open","ping_status":"closed","template":"","meta":[],"product_brand":[],"product_cat":[26,102,16],"product_tag":[163,87],"woo-feed-brand":[185],"class_list":{"0":"post-952","1":"product","2":"type-product","3":"status-publish","4":"has-post-thumbnail","6":"product_cat-smartwatches","7":"product_cat-applewatch-accessories","8":"product_cat-ukategorisert","9":"product_tag-apple","10":"product_tag-watch","11":"woo-feed-brand-ontel-oem-diverse","13":"first","14":"instock","15":"sold-individually","16":"taxable","17":"shipping-taxable","18":"purchasable","19":"product-type-variable","20":"has-default-attributes"},"_links":{"self":[{"href":"https:\/\/ontel.no\/index.php\/wp-json\/wp\/v2\/product\/952","targetHints":{"allow":["GET"]}}],"collection":[{"href":"https:\/\/ontel.no\/index.php\/wp-json\/wp\/v2\/product"}],"about":[{"href":"https:\/\/ontel.no\/index.php\/wp-json\/wp\/v2\/types\/product"}],"replies":[{"embeddable":true,"href":"https:\/\/ontel.no\/index.php\/wp-json\/wp\/v2\/comments?post=952"}],"wp:featuredmedia":[{"embeddable":true,"href":"https:\/\/ontel.no\/index.php\/wp-json\/wp\/v2\/media\/959"}],"wp:attachment":[{"href":"https:\/\/ontel.no\/index.php\/wp-json\/wp\/v2\/media?parent=952"}],"wp:term":[{"taxonomy":"product_brand","embeddable":true,"href":"https:\/\/ontel.no\/index.php\/wp-json\/wp\/v2\/product_brand?post=952"},{"taxonomy":"product_cat","embeddable":true,"href":"https:\/\/ontel.no\/index.php\/wp-json\/wp\/v2\/product_cat?post=952"},{"taxonomy":"product_tag","embeddable":true,"href":"https:\/\/ontel.no\/index.php\/wp-json\/wp\/v2\/product_tag?post=952"},{"taxonomy":"woo-feed-brand","embeddable":true,"href":"https:\/\/ontel.no\/index.php\/wp-json\/wp\/v2\/woo-feed-brand?post=952"}],"curies":[{"name":"wp","href":"https:\/\/api.w.org\/{rel}","templated":true}]}}