{"id":973,"date":"2024-01-18T17:56:34","date_gmt":"2024-01-18T16:56:34","guid":{"rendered":"https:\/\/new.ontel.no\/?post_type=product&#038;p=973"},"modified":"2026-04-07T11:18:37","modified_gmt":"2026-04-07T09:18:37","slug":"smartdeksel-for-amazon-kindle-paperwhite4-6","status":"publish","type":"product","link":"https:\/\/ontel.no\/index.php\/produkt\/smartdeksel-for-amazon-kindle-paperwhite4-6\/","title":{"rendered":"Smartdeksel for Amazon Kindle Paperwhite4 6-toms (IKKE for nyeste modeller &#8211; SALG!)"},"content":{"rendered":"<p>Lett smartdeksel i kunstig skinn, som gir god beskyttelse til skjermen.<br \/>\nDesignet spesielt for Amazon 2021 Kindle Paperwhite4 6&#8243; &#8211; passer ikke til tidligere\/nyere generasjoner Kindle eller Kindle med 6&#8243; skjerm. Enkel tilgang til alle funksjoner og kontroller.<br \/>\nSlank, lett og hard deksel-design gir minimal tykkelse mens du beskytter ditt dyrebare lesebrett. Premium utvendig PU-l\u00e6r b\u00e5de foran og bak og mikrofiberinteri\u00f8r mot skjermen. Magnetisk lukking. Ingen rammer rundt skjermen muliggj\u00f8r uhindret bevegelse.<\/p>\n","protected":false},"excerpt":{"rendered":"<p>Lett (108 gram) og solid beskyttelse fra Walkers for Amazon 4. generasjon Paperwhite med 6&#8243; skjerm. IKKE for standard Kindle 6&#8243; (Kun Paperwhite 4). Fronten kan \u00e5pnes som en bok og b\u00f8yes bak, og har innebygde magneter for smartfunksjon:<\/p>\n<p><div class=\"lazyload smush-lazyload-video smush-lazyload-youtube\" style=\"--smush-video-aspect-ratio: 420\/230\" data-bg-image=\"url(https:\/\/i.ytimg.com\/vi_webp\/LsjIfKSZroE\/maxresdefault.webp)\" ><iframe title=\"YouTube video player\" data-src=\"https:\/\/www.youtube.com\/embed\/LsjIfKSZroE?si=ptDJ6XKXB5hAIk75\" width=\"420\" height=\"230\" frameborder=\"0\" allowfullscreen=\"allowfullscreen\" src=\"data:image\/svg+xml;base64,PHN2ZyB3aWR0aD0iMSIgaGVpZ2h0PSIxIiB4bWxucz0iaHR0cDovL3d3dy53My5vcmcvMjAwMC9zdmciPjwvc3ZnPg==\"><\/iframe><span class=\"smush-play-btn\" role=\"button\" aria-label=\"Play video\">\r\n\t\t\t\t<span tabindex=\"0\" class=\"smush-play-btn-inner\">\r\n\t\t\t\t\t<span>Play<\/span>\r\n\t\t\t\t<\/span>\r\n\t\t\t<\/span><\/div><\/p>\n","protected":false},"featured_media":752,"comment_status":"open","ping_status":"closed","template":"","meta":[],"product_brand":[],"product_cat":[103,603,27,105,16],"product_tag":[139,136,137,135,138],"woo-feed-brand":[176],"class_list":{"0":"post-973","1":"product","2":"type-product","3":"status-publish","4":"has-post-thumbnail","6":"product_cat-e-readers","7":"product_cat-lesebrettbeskyttelse","8":"product_cat-tablets","9":"product_cat-kindle-accessories","10":"product_cat-ukategorisert","11":"product_tag-amazon","12":"product_tag-e-bokleser","13":"product_tag-kindle","14":"product_tag-lesebrett","15":"product_tag-paperwhite","16":"woo-feed-brand-walkers","18":"first","19":"instock","20":"taxable","21":"shipping-taxable","22":"purchasable","23":"product-type-variable","24":"has-default-attributes"},"_links":{"self":[{"href":"https:\/\/ontel.no\/index.php\/wp-json\/wp\/v2\/product\/973","targetHints":{"allow":["GET"]}}],"collection":[{"href":"https:\/\/ontel.no\/index.php\/wp-json\/wp\/v2\/product"}],"about":[{"href":"https:\/\/ontel.no\/index.php\/wp-json\/wp\/v2\/types\/product"}],"replies":[{"embeddable":true,"href":"https:\/\/ontel.no\/index.php\/wp-json\/wp\/v2\/comments?post=973"}],"wp:featuredmedia":[{"embeddable":true,"href":"https:\/\/ontel.no\/index.php\/wp-json\/wp\/v2\/media\/752"}],"wp:attachment":[{"href":"https:\/\/ontel.no\/index.php\/wp-json\/wp\/v2\/media?parent=973"}],"wp:term":[{"taxonomy":"product_brand","embeddable":true,"href":"https:\/\/ontel.no\/index.php\/wp-json\/wp\/v2\/product_brand?post=973"},{"taxonomy":"product_cat","embeddable":true,"href":"https:\/\/ontel.no\/index.php\/wp-json\/wp\/v2\/product_cat?post=973"},{"taxonomy":"product_tag","embeddable":true,"href":"https:\/\/ontel.no\/index.php\/wp-json\/wp\/v2\/product_tag?post=973"},{"taxonomy":"woo-feed-brand","embeddable":true,"href":"https:\/\/ontel.no\/index.php\/wp-json\/wp\/v2\/woo-feed-brand?post=973"}],"curies":[{"name":"wp","href":"https:\/\/api.w.org\/{rel}","templated":true}]}}